{"id":20,"date":"2020-01-17T12:40:58","date_gmt":"2020-01-17T12:40:58","guid":{"rendered":"http:\/\/drop-art-factory.de\/?page_id=20"},"modified":"2020-07-29T08:36:50","modified_gmt":"2020-07-29T08:36:50","slug":"about-me","status":"publish","type":"page","link":"https:\/\/drop-art-factory.de\/?page_id=20","title":{"rendered":"\u00dcber uns"},"content":{"rendered":"\n<h2 class=\"has-text-align-center\">The Factory<\/h2>\n\n\n\n<figure class=\"is-layout-flex wp-block-gallery-1 wp-block-gallery columns-3 is-cropped\"><ul class=\"blocks-gallery-grid\"><li class=\"blocks-gallery-item\"><figure><img fetchpriority=\"high\" decoding=\"async\" width=\"1024\" height=\"683\" src=\"https:\/\/drop-art-factory.de\/wp-content\/uploads\/2020\/03\/IMG_2623-1024x683.jpg\" alt=\"\" data-id=\"378\" data-link=\"https:\/\/drop-art-factory.de\/?attachment_id=378\" class=\"wp-image-378\" srcset=\"https:\/\/drop-art-factory.de\/wp-content\/uploads\/2020\/03\/IMG_2623-1024x683.jpg 1024w, https:\/\/drop-art-factory.de\/wp-content\/uploads\/2020\/03\/IMG_2623-300x200.jpg 300w, https:\/\/drop-art-factory.de\/wp-content\/uploads\/2020\/03\/IMG_2623-768x512.jpg 768w, https:\/\/drop-art-factory.de\/wp-content\/uploads\/2020\/03\/IMG_2623-1536x1024.jpg 1536w, https:\/\/drop-art-factory.de\/wp-content\/uploads\/2020\/03\/IMG_2623-2048x1365.jpg 2048w, https:\/\/drop-art-factory.de\/wp-content\/uploads\/2020\/03\/IMG_2623-390x260.jpg 390w, https:\/\/drop-art-factory.de\/wp-content\/uploads\/2020\/03\/IMG_2623-520x347.jpg 520w, https:\/\/drop-art-factory.de\/wp-content\/uploads\/2020\/03\/IMG_2623-740x493.jpg 740w\" sizes=\"(max-width: 1024px) 100vw, 1024px\" \/><\/figure><\/li><li class=\"blocks-gallery-item\"><figure><img decoding=\"async\" width=\"768\" height=\"1024\" src=\"https:\/\/drop-art-factory.de\/wp-content\/uploads\/2020\/03\/ffdcf403-48df-4c99-936c-5a22bc22b268-768x1024.jpg\" alt=\"\" data-id=\"382\" data-full-url=\"https:\/\/drop-art-factory.de\/wp-content\/uploads\/2020\/03\/ffdcf403-48df-4c99-936c-5a22bc22b268.jpg\" data-link=\"https:\/\/drop-art-factory.de\/?attachment_id=382\" class=\"wp-image-382\" srcset=\"https:\/\/drop-art-factory.de\/wp-content\/uploads\/2020\/03\/ffdcf403-48df-4c99-936c-5a22bc22b268-768x1024.jpg 768w, https:\/\/drop-art-factory.de\/wp-content\/uploads\/2020\/03\/ffdcf403-48df-4c99-936c-5a22bc22b268-225x300.jpg 225w, https:\/\/drop-art-factory.de\/wp-content\/uploads\/2020\/03\/ffdcf403-48df-4c99-936c-5a22bc22b268-1152x1536.jpg 1152w, https:\/\/drop-art-factory.de\/wp-content\/uploads\/2020\/03\/ffdcf403-48df-4c99-936c-5a22bc22b268-520x693.jpg 520w, https:\/\/drop-art-factory.de\/wp-content\/uploads\/2020\/03\/ffdcf403-48df-4c99-936c-5a22bc22b268-740x987.jpg 740w, https:\/\/drop-art-factory.de\/wp-content\/uploads\/2020\/03\/ffdcf403-48df-4c99-936c-5a22bc22b268.jpg 1200w\" sizes=\"(max-width: 768px) 100vw, 768px\" \/><\/figure><\/li><li class=\"blocks-gallery-item\"><figure><img decoding=\"async\" width=\"1024\" height=\"683\" src=\"https:\/\/drop-art-factory.de\/wp-content\/uploads\/2020\/03\/IMG_2625-1024x683.jpg\" alt=\"\" data-id=\"380\" data-link=\"https:\/\/drop-art-factory.de\/?attachment_id=380\" class=\"wp-image-380\" srcset=\"https:\/\/drop-art-factory.de\/wp-content\/uploads\/2020\/03\/IMG_2625-1024x683.jpg 1024w, https:\/\/drop-art-factory.de\/wp-content\/uploads\/2020\/03\/IMG_2625-300x200.jpg 300w, https:\/\/drop-art-factory.de\/wp-content\/uploads\/2020\/03\/IMG_2625-768x512.jpg 768w, https:\/\/drop-art-factory.de\/wp-content\/uploads\/2020\/03\/IMG_2625-1536x1024.jpg 1536w, https:\/\/drop-art-factory.de\/wp-content\/uploads\/2020\/03\/IMG_2625-2048x1365.jpg 2048w, https:\/\/drop-art-factory.de\/wp-content\/uploads\/2020\/03\/IMG_2625-390x260.jpg 390w, https:\/\/drop-art-factory.de\/wp-content\/uploads\/2020\/03\/IMG_2625-520x347.jpg 520w, https:\/\/drop-art-factory.de\/wp-content\/uploads\/2020\/03\/IMG_2625-740x493.jpg 740w\" sizes=\"(max-width: 1024px) 100vw, 1024px\" \/><\/figure><\/li><\/ul><\/figure>\n\n\n\n<h2 class=\"has-text-align-center\">Kunst bedeutet Freiheit und Leidenschaft<\/h2>\n\n\n\n<p class=\"has-text-align-center\">Diese Leidenschaft m\u00f6chten wir gerne mit Ihnen teilen, indem wir Ihnen mit dieser Ausstellung die M\u00f6glichkeit schaffen, selbst in die Welt der Farben und Formen einzutauchen, Ihre Gedanken treiben zu lassen und sich einfach einen Moment der Ruhe zu g\u00f6nnen.T\u00e4glich betrachten wir unterschiedlichste Dinge in unserer Umwelt, ohne diese wirklich wahr zunehmen. Und doch k\u00f6nnen sie uns in ihren Bann ziehen, wenn wir es nur zulassen und ihnen ein wenig Aufmerksamkeit widmen. Manchmal \u00e4ndert schon ein neuer Blickwinkel, ein anderer Lichteinfall unsere Wahrnehmung.<\/p>\n\n\n\n<p class=\"has-text-align-center\">Von den Farben der Natur sind auch die Werke des K\u00fcnstlers inspiriert. Wie es oft bei zeitgen\u00f6ssischen K\u00fcnstlern der Fall ist, lassen sich auch seine Arbeiten keinem bestimmten Stil zuordnen. Vielmehr ist es eine Mischung aus Abstraktem und scheinbar nat\u00fcrlich Gewachsenem.<\/p>\n\n\n\n<p class=\"has-text-align-center\">Der Fantasie sind in dieser Hinsicht keine Grenzen gesetzt und so bleibt es letztlich dem Betrachter \u00fcberlassen, dem Bild &#8211; zumindest gedanklich &#8211; einen Titel zu geben. Der K\u00fcnstler m\u00f6chte inspirieren ohne zu beeinflussen, was der Einzelne in seinen Bildern sieht.<\/p>\n\n\n\n<p class=\"has-text-align-center zitat\">\u00bbKunst kann nur existieren, wenn Sie tausend Gef\u00fchle in einem einzigen Moment zu uns transportiert.\u00ab<\/p>\n\n\n\n<h2 class=\"has-text-align-center\">Ein wahrer \u00bbFarbrausch\u00ab<\/h2>\n\n\n\n<p class=\"has-text-align-center\">Die Fertigung der ersten Bilder war zun\u00e4chst nur ein Experiment. Doch schnell war die Faszination geweckt: Kein Bild war wie das andere. Die Flie\u00df- und Gie\u00dfkunst bot eine schier endlose Palette an M\u00f6glichkeiten der Gestaltung. Der Kreativit\u00e4t waren keine Grenzen gesetzt und das Erschaffen neuer Werke erf\u00fcllte einen fast schon therapeutischen Zweck.<\/p>\n\n\n\n<p class=\"has-text-align-center\">Zun\u00e4chst nur im Freundes- und Bekanntenkreis gezeigt, kristallisierte sich schnell heraus: Der Magie dieses Farbrausches konnte sich keiner entziehen. <\/p>\n\n\n\n<figure class=\"wp-block-video aligncenter\"><video autoplay controls loop src=\"http:\/\/drop-art-factory.de\/wp-content\/uploads\/2020\/03\/VID-20200310-WA0000.mp4\"><\/video><\/figure>\n","protected":false},"excerpt":{"rendered":"<p>The Factory Kunst bedeutet Freiheit und Leidenschaft Diese Leidenschaft m\u00f6chten wir gerne mit Ihnen teilen, indem wir Ihnen mit dieser Ausstellung die M\u00f6glichkeit schaffen, selbst in die Welt der Farben und Formen einzutauchen, Ihre Gedanken treiben zu lassen und sich einfach einen Moment der Ruhe zu g\u00f6nnen.T\u00e4glich betrachten wir unterschiedlichste Dinge in unserer Umwelt, ohne &hellip; <\/p>\n<p class=\"link-more\"><a href=\"https:\/\/drop-art-factory.de\/?page_id=20\" class=\"more-link\">Mehr <span class=\"screen-reader-text\">\u00fcber &#8222;\u00dcber uns&#8220; <\/span>Lesen<\/a><\/p>\n","protected":false},"author":1,"featured_media":0,"parent":0,"menu_order":0,"comment_status":"closed","ping_status":"closed","template":"page-templates\/page_fullwidth.php","meta":[],"featured_media_urls":[],"_links":{"self":[{"href":"https:\/\/drop-art-factory.de\/index.php?rest_route=\/wp\/v2\/pages\/20"}],"collection":[{"href":"https:\/\/drop-art-factory.de\/index.php?rest_route=\/wp\/v2\/pages"}],"about":[{"href":"https:\/\/drop-art-factory.de\/index.php?rest_route=\/wp\/v2\/types\/page"}],"author":[{"embeddable":true,"href":"https:\/\/drop-art-factory.de\/index.php?rest_route=\/wp\/v2\/users\/1"}],"replies":[{"embeddable":true,"href":"https:\/\/drop-art-factory.de\/index.php?rest_route=%2Fwp%2Fv2%2Fcomments&post=20"}],"version-history":[{"count":19,"href":"https:\/\/drop-art-factory.de\/index.php?rest_route=\/wp\/v2\/pages\/20\/revisions"}],"predecessor-version":[{"id":494,"href":"https:\/\/drop-art-factory.de\/index.php?rest_route=\/wp\/v2\/pages\/20\/revisions\/494"}],"wp:attachment":[{"href":"https:\/\/drop-art-factory.de\/index.php?rest_route=%2Fwp%2Fv2%2Fmedia&parent=20"}],"curies":[{"name":"wp","href":"https:\/\/api.w.org\/{rel}","templated":true}]}}