{"id":8,"date":"2020-01-17T12:30:55","date_gmt":"2020-01-17T12:30:55","guid":{"rendered":"http:\/\/drop-art-factory.de\/?page_id=8"},"modified":"2020-07-14T13:36:12","modified_gmt":"2020-07-14T13:36:12","slug":"impressum","status":"publish","type":"page","link":"https:\/\/drop-art-factory.de\/?page_id=8","title":{"rendered":"Impressum"},"content":{"rendered":"\n<h2 class=\"has-text-align-center\">Impressum<\/h2>\n\n\n\n<h3 class=\"has-text-align-center\">Angaben gem. \u00a7 5 TMG:<\/h3>\n\n\n\n<p class=\"has-text-align-center\">Franz Edbauer<br>Im Sommerfeld 61<br>63150 Heusenstamm<\/p>\n\n\n\n<h3 class=\"has-text-align-center\">Kontaktaufnahme:<\/h3>\n\n\n\n<p class=\"has-text-align-center\">E-Mail: info@drop-art-factory.de<\/p>\n\n\n\n<h3 class=\"has-text-align-center\">Haftungsausschluss &#8211; Disclaimer:<\/h3>\n\n\n\n<h4 class=\"has-text-align-center\">Haftung f\u00fcr Inhalte<\/h4>\n\n\n\n<p class=\"has-text-align-center\">Alle Inhalte unseres Internetauftritts wurden mit gr\u00f6\u00dfter Sorgfalt \nund nach bestem Gewissen erstellt. F\u00fcr die Richtigkeit, Vollst\u00e4ndigkeit \nund Aktualit\u00e4t der Inhalte k\u00f6nnen wir jedoch keine Gew\u00e4hr \u00fcbernehmen. \nAls Diensteanbieter sind wir gem\u00e4\u00df \u00a7 7 Abs.1 TMG f\u00fcr eigene Inhalte auf \ndiesen Seiten nach den allgemeinen Gesetzen verantwortlich. Nach \u00a7\u00a7 8 \nbis 10 TMG sind wir als Diensteanbieter jedoch nicht verpflichtet, \n\u00fcbermittelte oder gespeicherte fremde Informationen zu \u00fcberwachen oder \nnach Umst\u00e4nden zu forschen, die auf eine rechtswidrige T\u00e4tigkeit \nhinweisen. Verpflichtungen zur Entfernung oder Sperrung der Nutzung von \nInformationen nach den allgemeinen Gesetzen bleiben hiervon unber\u00fchrt.<\/p>\n\n\n\n<p class=\"has-text-align-center\">Eine diesbez\u00fcgliche Haftung ist jedoch erst ab dem Zeitpunkt der \nKenntniserlangung einer konkreten Rechtsverletzung m\u00f6glich. Bei \nBekanntwerden von den o.g. Rechtsverletzungen werden wir diese Inhalte \nunverz\u00fcglich entfernen.<\/p>\n\n\n\n<h4 class=\"has-text-align-center\">Haftungsbeschr\u00e4nkung f\u00fcr externe Links<\/h4>\n\n\n\n<p class=\"has-text-align-center\">Unsere Webseite enth\u00e4lt Links auf externe Webseiten Dritter. Auf die \nInhalte dieser direkt oder indirekt verlinkten Webseiten haben wir \nkeinen Einfluss. Daher k\u00f6nnen wir f\u00fcr die \u201eexternen Links\u201c auch keine \nGew\u00e4hr auf Richtigkeit der Inhalte \u00fcbernehmen. F\u00fcr die Inhalte der \nexternen Links sind die jeweilige Anbieter oder Betreiber (Urheber) der \nSeiten verantwortlich.<\/p>\n\n\n\n<p class=\"has-text-align-center\">Die externen Links wurden zum Zeitpunkt der Linksetzung auf \neventuelle Rechtsverst\u00f6\u00dfe \u00fcberpr\u00fcft und waren im Zeitpunkt der \nLinksetzung frei von rechtswidrigen Inhalten. Eine st\u00e4ndige inhaltliche \n\u00dcberpr\u00fcfung der externen Links ist ohne konkrete Anhaltspunkte einer \nRechtsverletzung nicht m\u00f6glich. Bei direkten oder indirekten \nVerlinkungen auf die Webseiten Dritter, die au\u00dferhalb unseres \nVerantwortungsbereichs liegen, w\u00fcrde eine Haftungsverpflichtung \nausschlie\u00dflich in dem Fall nur bestehen, wenn wir von den Inhalten \nKenntnis erlangen und es uns technisch m\u00f6glich und zumutbar w\u00e4re, die \nNutzung im Falle rechtswidriger Inhalte zu verhindern.<\/p>\n\n\n\n<p class=\"has-text-align-center\">Diese Haftungsausschlusserkl\u00e4rung gilt auch innerhalb des eigenen Internetauftrittes drop-art-factory.de  gesetzten Links und Verweise von Fragestellern, Blogeintr\u00e4gern, G\u00e4sten  des Diskussionsforums. F\u00fcr illegale, fehlerhafte oder unvollst\u00e4ndige  Inhalte und insbesondere f\u00fcr Sch\u00e4den, die aus der Nutzung oder  Nichtnutzung solcherart dargestellten Informationen entstehen, haftet  allein der Diensteanbieter der Seite, auf welche verwiesen wurde, nicht  derjenige, der \u00fcber Links auf die jeweilige Ver\u00f6ffentlichung lediglich  verweist.<\/p>\n\n\n\n<p class=\"has-text-align-center\">Werden uns Rechtsverletzungen bekannt, werden die externen Links durch uns unverz\u00fcglich entfernt.<\/p>\n\n\n\n<h3 class=\"has-text-align-center\">Urheberrecht<\/h3>\n\n\n\n<p class=\"has-text-align-center\">Die auf unserer Webseite ver\u00f6ffentlichen Inhalte und Werke unterliegen dem deutschen Urheberrecht (<a href=\"http:\/\/www.gesetze-im-internet.de\/bundesrecht\/urhg\/gesamt.pdf\" target=\"_blank\" rel=\"noreferrer noopener\">http:\/\/www.gesetze-im-internet.de\/bundesrecht\/urhg\/gesamt.pdf<\/a>)\n . Die Vervielf\u00e4ltigung, Bearbeitung, Verbreitung und jede Art der \nVerwertung des geistigen Eigentums in ideeller und materieller Sicht des\n Urhebers au\u00dferhalb der Grenzen des Urheberrechtes bed\u00fcrfen der \nvorherigen schriftlichen Zustimmung des jeweiligen Urhebers i.S.d. \nUrhebergesetzes (<a href=\"http:\/\/www.gesetze-im-internet.de\/bundesrecht\/urhg\/gesamt.pdf\" target=\"_blank\" rel=\"noreferrer noopener\">http:\/\/www.gesetze-im-internet.de\/bundesrecht\/urhg\/gesamt.pdf<\/a>\n ). Downloads und Kopien dieser Seite sind nur f\u00fcr den privaten und \nnicht kommerziellen Gebrauch erlaubt. Sind die Inhalte auf unserer \nWebseite nicht von uns erstellt wurden, sind die Urheberrechte Dritter \nzu beachten. Die Inhalte Dritter werden als solche kenntlich gemacht. \nSollten Sie trotzdem auf eine Urheberrechtsverletzung aufmerksam werden,\n bitten wir um einen entsprechenden Hinweis. Bei Bekanntwerden von \nRechtsverletzungen werden wir derartige Inhalte unverz\u00fcglich entfernen.<\/p>\n\n\n\n<p class=\"has-text-align-center\">Dieses <a href=\"http:\/\/www.jurarat.de\/muster-impressum\">Impressum<\/a> wurde freundlicherweise von <a href=\"http:\/\/www.jurarat.de\">www.jurarat.de<\/a> zur Verf\u00fcgung gestellt.<\/p>\n\n\n\n<h2 class=\"has-text-align-center\">Datenschutz<\/h2>\n\n\n\n<p class=\"has-text-align-center\"> Diese Datenschutzerkl\u00e4rung kl\u00e4rt Nutzer \u00fcber die Art, den Umfang und\n Zweck der Erhebung und Verwendung personenbezogener Daten durch den \nverantwortlichen Anbieter  <\/p>\n\n\n\n<p class=\"has-text-align-center\">Drop Art Factory  <\/p>\n\n\n\n<p class=\"has-text-align-center\">(im folgenden &#8222;Anbieter&#8220;) auf.  <\/p>\n\n\n\n<h4 class=\"has-text-align-center\">Server-Log-Dateien: <\/h4>\n\n\n\n<p class=\"has-text-align-center\">In\n Server-Log-Dateien erhebt und speichert der Provider der Website \nautomatisch Informationen, die Ihr Browser automatisch an uns \n\u00fcbermittelt. Dies sind: <\/p>\n\n\n\n<p class=\"has-text-align-center\">\u00a7 Browsertyp und Browserversion <\/p>\n\n\n\n<p class=\"has-text-align-center\">\u00a7 Verwendetes Betriebssystem <\/p>\n\n\n\n<p class=\"has-text-align-center\">\u00a7 Referrer URL <\/p>\n\n\n\n<p class=\"has-text-align-center\">\u00a7 Hostname des zugreifenden Rechners <\/p>\n\n\n\n<p class=\"has-text-align-center\">\u00a7 Uhrzeit der Serveranfrage <\/p>\n\n\n\n<p class=\"has-text-align-center\">\u00a7 IP-Adresse <\/p>\n\n\n\n<p class=\"has-text-align-center\">Es\n findet keine Zusammenf\u00fchrung dieser Daten mit anderen Datenquellen \nstatt. Grundlage der Datenverarbeitung bildet Art. 6 Abs. 1 lit. b \nDSGVO, der die Verarbeitung von Daten zur Erf\u00fcllung eines Vertrags oder \nvorvertraglicher Ma\u00dfnahmen gestattet. <\/p>\n\n\n\n<h4 class=\"has-text-align-center\">Kontaktformular: <\/h4>\n\n\n\n<p class=\"has-text-align-center\">Per\n Kontaktformular \u00fcbermittelte Daten werden einschlie\u00dflich Ihrer \nKontaktdaten gespeichert, um Ihre Anfrage bearbeiten zu k\u00f6nnen oder um \nf\u00fcr Anschlussfragen bereitzustehen. Eine Weitergabe dieser Daten findet \nohne Ihre Einwilligung nicht statt. <\/p>\n\n\n\n<p class=\"has-text-align-center\">Die Verarbeitung der \nin das Kontaktformular eingegebenen Daten erfolgt ausschlie\u00dflich auf \nGrundlage Ihrer Einwilligung (Art. 6 Abs. 1 lit. a DSGVO). Ein Widerruf \nIhrer bereits erteilten Einwilligung ist jederzeit m\u00f6glich. F\u00fcr den \nWiderruf gen\u00fcgt eine formlose Mitteilung per E-Mail. Die Rechtm\u00e4\u00dfigkeit \nder bis zum Widerruf erfolgten Datenverarbeitungsvorg\u00e4nge bleibt vom \nWiderruf unber\u00fchrt. <\/p>\n\n\n\n<p class=\"has-text-align-center\">\u00dcber das Kontaktformular \u00fcbermittelte\n Daten verbleiben bei uns, bis Sie uns zur L\u00f6schung auffordern, Ihre \nEinwilligung zur Speicherung widerrufen oder keine Notwendigkeit der \nDatenspeicherung mehr besteht. Zwingende gesetzliche Bestimmungen &#8211; \ninsbesondere Aufbewahrungsfristen &#8211; bleiben unber\u00fchrt. <\/p>\n\n\n\n<h4 class=\"has-text-align-center\">Daten\u00fcbermittlung bei Vertragsschluss f\u00fcr Warenkauf und Warenversand: <\/h4>\n\n\n\n<p class=\"has-text-align-center\">Personenbezogene\n Daten werden nur an Dritte \u00fcbermittelt, sofern eine Notwendigkeit im \nRahmen der Vertragsabwicklung besteht. Dritte k\u00f6nnen beispielsweise \nBezahldienstleister oder Logistikunternehmen sein. Eine weitergehende \n\u00dcbermittlung der Daten findet nicht statt bzw. nur dann, wenn Sie dieser\n ausdr\u00fccklich zugestimmt haben. <\/p>\n\n\n\n<p class=\"has-text-align-center\">Grundlage f\u00fcr die \nDatenverarbeitung ist Art. 6 Abs. 1 lit. b DSGVO, der die Verarbeitung \nvon Daten zur Erf\u00fcllung eines Vertrags oder vorvertraglicher Ma\u00dfnahmen \ngestattet. <\/p>\n\n\n\n<p class=\"has-text-align-center\">Umgang mit personenbezogenen Daten Personenbezogene Daten sind Informationen, mit deren Hilfe eine Person bestimmbar ist, <\/p>\n\n\n\n<p class=\"has-text-align-center\">also\n Angaben, die zur\u00fcck zu einer Person verfolgt werden k\u00f6nnen. Dazu \ngeh\u00f6ren der Name, die Emailadresse oder die Telefonnummer. \nPersonenbezogene Daten werden von dem Anbieter nur dann erhoben, genutzt\n und weitergegeben, wenn dies gesetzlich erlaubt ist oder die Nutzer in \ndie Datenerhebung einwilligen. <\/p>\n\n\n\n<h4 class=\"has-text-align-center\">Widerruf Ihrer Einwilligung zur Datenverarbeitung <\/h4>\n\n\n\n<p class=\"has-text-align-center\">Nur\n mit Ihrer ausdr\u00fccklichen Einwilligung sind einige Vorg\u00e4nge der \nDatenverarbeitung m\u00f6glich. Ein Widerruf Ihrer bereits erteilten \nEinwilligung ist jederzeit m\u00f6glich. F\u00fcr den Widerruf gen\u00fcgt eine \nformlose Mitteilung per E-Mail. Die Rechtm\u00e4\u00dfigkeit der bis zum Widerruf \nerfolgten Datenverarbeitung bleibt vom Widerruf unber\u00fchrt. <\/p>\n\n\n\n<h4 class=\"has-text-align-center\">Datenschutzbeauftragter <\/h4>\n\n\n\n<p class=\"has-text-align-center\">Wir haben einen Datenschutzbeauftragten bestellt. <\/p>\n\n\n\n<p class=\"has-text-align-center\">Franz Edbauer<br>datenschutz@drop-art-factory.de <\/p>\n\n\n\n<h4 class=\"has-text-align-center\">Dauer der  Speicherung <\/h4>\n\n\n\n<p class=\"has-text-align-center\">Nach vollst\u00e4ndiger Vertragsabwicklung werden die Daten  zun\u00e4chst f\u00fcr die Dauer der Gew\u00e4hrleistungsfrist, danach unter  Ber\u00fccksichtigung gesetzlicher, insbesondere steuer- und  handelsrechtlicher Aufbewahrungsfristen gespeichert und dann nach  Fristablauf gel\u00f6scht, sofern Sie der weitergehenden Verarbeitung und  Nutzung nicht zugestimmt haben.  <\/p>\n\n\n\n<h4 class=\"has-text-align-center\"> Kommentare und Beitr\u00e4ge <\/h4>\n\n\n\n<p class=\"has-text-align-center\">Wenn  Nutzer Kommentare im Blog oder sonstige Beitr\u00e4ge hinterlassen, werden  ihre IP-Adressen gespeichert. Das erfolgt zur Sicherheit des Anbieters,  falls jemand in Kommentaren und Beitr\u00e4gen widerrechtliche Inhalte  schreibt (Beleidigungen, verbotene politische Propaganda, etc.). In  diesem Fall kann der Anbieter selbst f\u00fcr den Kommentar oder Beitrag  belangt werden und ist daher an der Identit\u00e4t des Verfassers  interessiert.  <\/p>\n\n\n\n<p class=\"has-text-align-center\">Das Setzen von Cookies, die zur Aus\u00fcbung \nelektronischer Kommunikationsvorg\u00e4nge oder der Bereitstellung \nbestimmter, von Ihnen erw\u00fcnschter Funktionen notwendig sind, erfolgt auf\n Grundlage von Art. 6 Abs. 1 lit. f DSGVO. Als Betreiber dieser Website \nhaben wir ein berechtigtes Interesse an der Speicherung von Cookies zur \ntechnisch fehlerfreien und reibungslosen Bereitstellung unserer Dienste.<\/p>\n","protected":false},"excerpt":{"rendered":"<p>Impressum Angaben gem. \u00a7 5 TMG: Franz EdbauerIm Sommerfeld 6163150 Heusenstamm Kontaktaufnahme: E-Mail: info@drop-art-factory.de Haftungsausschluss &#8211; Disclaimer: Haftung f\u00fcr Inhalte Alle Inhalte unseres Internetauftritts wurden mit gr\u00f6\u00dfter Sorgfalt und nach bestem Gewissen erstellt. F\u00fcr die Richtigkeit, Vollst\u00e4ndigkeit und Aktualit\u00e4t der Inhalte k\u00f6nnen wir jedoch keine Gew\u00e4hr \u00fcbernehmen. Als Diensteanbieter sind wir gem\u00e4\u00df \u00a7 7 Abs.1 &hellip; <\/p>\n<p class=\"link-more\"><a href=\"https:\/\/drop-art-factory.de\/?page_id=8\" class=\"more-link\">Mehr <span class=\"screen-reader-text\">\u00fcber &#8222;Impressum&#8220; <\/span>Lesen<\/a><\/p>\n","protected":false},"author":1,"featured_media":0,"parent":0,"menu_order":0,"comment_status":"closed","ping_status":"closed","template":"page-templates\/page_fullwidth.php","meta":[],"featured_media_urls":[],"_links":{"self":[{"href":"https:\/\/drop-art-factory.de\/index.php?rest_route=\/wp\/v2\/pages\/8"}],"collection":[{"href":"https:\/\/drop-art-factory.de\/index.php?rest_route=\/wp\/v2\/pages"}],"about":[{"href":"https:\/\/drop-art-factory.de\/index.php?rest_route=\/wp\/v2\/types\/page"}],"author":[{"embeddable":true,"href":"https:\/\/drop-art-factory.de\/index.php?rest_route=\/wp\/v2\/users\/1"}],"replies":[{"embeddable":true,"href":"https:\/\/drop-art-factory.de\/index.php?rest_route=%2Fwp%2Fv2%2Fcomments&post=8"}],"version-history":[{"count":12,"href":"https:\/\/drop-art-factory.de\/index.php?rest_route=\/wp\/v2\/pages\/8\/revisions"}],"predecessor-version":[{"id":481,"href":"https:\/\/drop-art-factory.de\/index.php?rest_route=\/wp\/v2\/pages\/8\/revisions\/481"}],"wp:attachment":[{"href":"https:\/\/drop-art-factory.de\/index.php?rest_route=%2Fwp%2Fv2%2Fmedia&parent=8"}],"curies":[{"name":"wp","href":"https:\/\/api.w.org\/{rel}","templated":true}]}}